{"id":52881,"date":"2023-12-12T11:49:01","date_gmt":"2023-12-12T10:49:01","guid":{"rendered":"https:\/\/www.hoertkorn-newenergy.com\/contact\/imprint-initial-information\/"},"modified":"2026-01-13T16:23:52","modified_gmt":"2026-01-13T15:23:52","slug":"imprint","status":"publish","type":"page","link":"https:\/\/www.hoertkorn-newenergy.com\/en\/contact\/imprint\/","title":{"rendered":"Imprint &#038; initial information"},"content":{"rendered":"<p>[et_pb_section fb_built=&#8221;1&#8243; module_class=&#8221;sektion-headergrafik-test&#8221; _builder_version=&#8221;4.16&#8243; _module_preset=&#8221;default&#8221; background_image=&#8221;https:\/\/www.hoertkorn-newenergy.com\/wp-content\/uploads\/2023\/12\/hoertkorn-consulting_content_header-impressum.jpg&#8221; min_height_tablet=&#8221;&#8221; min_height_phone=&#8221;&#8221; min_height_last_edited=&#8221;on|phone&#8221; height=&#8221;450px&#8221; height_tablet=&#8221;&#8221; height_phone=&#8221;&#8221; height_last_edited=&#8221;on|desktop&#8221; locked=&#8221;off&#8221; global_colors_info=&#8221;{}&#8221;][\/et_pb_section][et_pb_section fb_built=&#8221;1&#8243; _builder_version=&#8221;4.26.0&#8243; _module_preset=&#8221;default&#8221; custom_padding=&#8221;40px||0px||false|false&#8221; global_colors_info=&#8221;{}&#8221;][et_pb_row _builder_version=&#8221;4.16&#8243; _module_preset=&#8221;default&#8221; custom_padding=&#8221;0px|||||&#8221; global_colors_info=&#8221;{}&#8221;][et_pb_column type=&#8221;4_4&#8243; _builder_version=&#8221;4.16&#8243; _module_preset=&#8221;default&#8221; global_colors_info=&#8221;{}&#8221;][et_pb_text _builder_version=&#8221;4.24.2&#8243; _module_preset=&#8221;e4837f01-7683-400c-a4fd-698199891f19&#8243; global_colors_info=&#8221;{}&#8221;]<\/p>\n<h1>Imprint &amp; initial information<\/h1>\n<p>[\/et_pb_text][\/et_pb_column][\/et_pb_row][et_pb_row column_structure=&#8221;2_3,1_3&#8243; _builder_version=&#8221;4.16&#8243; _module_preset=&#8221;default&#8221; custom_padding=&#8221;0px||49px|||&#8221; global_colors_info=&#8221;{}&#8221;][et_pb_column type=&#8221;2_3&#8243; _builder_version=&#8221;4.16&#8243; _module_preset=&#8221;default&#8221; global_colors_info=&#8221;{}&#8221;][et_pb_text _builder_version=&#8221;4.27.5&#8243; _module_preset=&#8221;e4837f01-7683-400c-a4fd-698199891f19&#8243; hover_enabled=&#8221;0&#8243; global_colors_info=&#8221;{}&#8221; sticky_enabled=&#8221;0&#8243;]<\/p>\n<p><strong>H\u00f6rtkorn New Energy GmbH<br \/><\/strong>Oststra\u00dfe 38-44<br \/>74072 Heilbronn<\/p>\n<p><\/p>\n<p>T +49 7131 949 760<br \/><a href=\"mailto:newenergy@hoertkorn.com\">newenergy@hoertkorn.com<\/a><\/p>\n<p><\/p>\n<p>Managing Director:<br \/>Dipl.-Kfm. Christian H\u00f6rtkorn<br \/>Betriebswirt (VWA) Ren\u00e9 M. Appel<br \/>Andreas Lietz<\/p>\n<p><\/p>\n<p>Stuttgart Local Court HRB 795238, Registered office of the company: Heilbronn<br \/>USt-IdNr. DE364131538<\/p>\n<p><\/p>\n<p><strong>Initial information in accordance with \u00a7 15 of the Insurance Mediation Ordinance<br \/><\/strong><a href=\"https:\/\/www.hoertkorn.com\/wp-content\/uploads\/2025\/09\/initial_information_hoertkorn_newenergy_gmbh_english_version.pdf\" target=\"_blank\" rel=\"noopener\">PDF-Download<\/a><\/p>\n<p><\/p>\n<p>Responsible for journalistic-editorial content according to \u00a7 18 paragraph 2 MStV:<br \/>Andreas Lietz, H\u00f6rtkorn New Energy GmbH, Oststra\u00dfe 38-44, 74072 Heilbronn<\/p>\n<p>[\/et_pb_text][\/et_pb_column][et_pb_column type=&#8221;1_3&#8243; disabled_on=&#8221;on|on|off&#8221; _builder_version=&#8221;4.16&#8243; _module_preset=&#8221;default&#8221; global_colors_info=&#8221;{}&#8221;][\/et_pb_column][\/et_pb_row][\/et_pb_section]<\/p>\n","protected":false},"excerpt":{"rendered":"<p>Imprint &amp; initial informationH\u00f6rtkorn New Energy GmbHOststra\u00dfe 38-4474072 HeilbronnT +49 7131 949 760newenergy@hoertkorn.comManaging Director:Dipl.-Kfm. Christian H\u00f6rtkornBetriebswirt (VWA) Ren\u00e9 M. AppelAndreas LietzStuttgart Local Court HRB 795238, Registered office of the company: HeilbronnUSt-IdNr. DE364131538Initial information in accordance with \u00a7 15 of the Insurance Mediation OrdinancePDF-DownloadResponsible for journalistic-editorial content according to \u00a7 18 paragraph 2 MStV:Andreas Lietz, H\u00f6rtkorn [&hellip;]<\/p>\n","protected":false},"author":5,"featured_media":0,"parent":52878,"menu_order":10,"comment_status":"closed","ping_status":"closed","template":"","meta":{"_et_pb_use_builder":"on","_et_pb_old_content":"","_et_gb_content_width":"","footnotes":""},"dipi_cpt_category":[],"class_list":["post-52881","page","type-page","status-publish","hentry"],"yoast_head":"<!-- This site is optimized with the Yoast SEO plugin v27.4 - https:\/\/yoast.com\/product\/yoast-seo-wordpress\/ -->\n<title>Imprint &amp; initial information - H\u00f6rtkorn New Energy GmbH<\/title>\n<meta name=\"robots\" content=\"noindex, follow, max-snippet:-1, max-image-preview:large, max-video-preview:-1\" \/>\n<meta property=\"og:locale\" content=\"en_US\" \/>\n<meta property=\"og:type\" content=\"article\" \/>\n<meta property=\"og:title\" content=\"Imprint &amp; initial information - H\u00f6rtkorn New Energy GmbH\" \/>\n<meta property=\"og:description\" content=\"Imprint &amp; initial informationH\u00f6rtkorn New Energy GmbHOststra\u00dfe 38-4474072 HeilbronnT +49 7131 949 760newenergy@hoertkorn.comManaging Director:Dipl.-Kfm. Christian H\u00f6rtkornBetriebswirt (VWA) Ren\u00e9 M. AppelAndreas LietzStuttgart Local Court HRB 795238, Registered office of the company: HeilbronnUSt-IdNr. DE364131538Initial information in accordance with \u00a7 15 of the Insurance Mediation OrdinancePDF-DownloadResponsible for journalistic-editorial content according to \u00a7 18 paragraph 2 MStV:Andreas Lietz, H\u00f6rtkorn [&hellip;]\" \/>\n<meta property=\"og:url\" content=\"https:\/\/www.hoertkorn-newenergy.com\/kontakt\/impressum\/\" \/>\n<meta property=\"og:site_name\" content=\"H\u00f6rtkorn New Energy GmbH\" \/>\n<meta property=\"article:publisher\" content=\"https:\/\/www.facebook.com\/Hoertkorn.group\" \/>\n<meta property=\"article:modified_time\" content=\"2026-01-13T15:23:52+00:00\" \/>\n<meta name=\"twitter:card\" content=\"summary_large_image\" \/>\n<meta name=\"twitter:site\" content=\"@hoertkorngroup\" \/>\n<meta name=\"twitter:label1\" content=\"Est. reading time\" \/>\n\t<meta name=\"twitter:data1\" content=\"1 minute\" \/>\n<script type=\"application\/ld+json\" class=\"yoast-schema-graph\">{\"@context\":\"https:\\\/\\\/schema.org\",\"@graph\":[{\"@type\":\"WebPage\",\"@id\":\"https:\\\/\\\/www.hoertkorn-newenergy.com\\\/kontakt\\\/impressum\\\/\",\"url\":\"https:\\\/\\\/www.hoertkorn-newenergy.com\\\/kontakt\\\/impressum\\\/\",\"name\":\"Imprint & initial information - H\u00f6rtkorn New Energy GmbH\",\"isPartOf\":{\"@id\":\"https:\\\/\\\/www.hoertkorn-newenergy.com\\\/#website\"},\"datePublished\":\"2023-12-12T10:49:01+00:00\",\"dateModified\":\"2026-01-13T15:23:52+00:00\",\"breadcrumb\":{\"@id\":\"https:\\\/\\\/www.hoertkorn-newenergy.com\\\/kontakt\\\/impressum\\\/#breadcrumb\"},\"inLanguage\":\"en-US\",\"potentialAction\":[{\"@type\":\"ReadAction\",\"target\":[\"https:\\\/\\\/www.hoertkorn-newenergy.com\\\/kontakt\\\/impressum\\\/\"]}]},{\"@type\":\"BreadcrumbList\",\"@id\":\"https:\\\/\\\/www.hoertkorn-newenergy.com\\\/kontakt\\\/impressum\\\/#breadcrumb\",\"itemListElement\":[{\"@type\":\"ListItem\",\"position\":1,\"name\":\"Startseite\",\"item\":\"https:\\\/\\\/www.hoertkorn-newenergy.com\\\/\"},{\"@type\":\"ListItem\",\"position\":2,\"name\":\"Contact\",\"item\":\"https:\\\/\\\/www.hoertkorn-newenergy.com\\\/kontakt\\\/\"},{\"@type\":\"ListItem\",\"position\":3,\"name\":\"Imprint &#038; initial information\"}]},{\"@type\":\"WebSite\",\"@id\":\"https:\\\/\\\/www.hoertkorn-newenergy.com\\\/#website\",\"url\":\"https:\\\/\\\/www.hoertkorn-newenergy.com\\\/\",\"name\":\"H\u00f6rtkorn New Energy GmbH\",\"description\":\"H\u00f6rtkorn New Energy GmbH\",\"publisher\":{\"@id\":\"https:\\\/\\\/www.hoertkorn-newenergy.com\\\/#organization\"},\"potentialAction\":[{\"@type\":\"SearchAction\",\"target\":{\"@type\":\"EntryPoint\",\"urlTemplate\":\"https:\\\/\\\/www.hoertkorn-newenergy.com\\\/?s={search_term_string}\"},\"query-input\":{\"@type\":\"PropertyValueSpecification\",\"valueRequired\":true,\"valueName\":\"search_term_string\"}}],\"inLanguage\":\"en-US\"},{\"@type\":\"Organization\",\"@id\":\"https:\\\/\\\/www.hoertkorn-newenergy.com\\\/#organization\",\"name\":\"H\u00f6rtkorn New Energy GmbH\",\"url\":\"https:\\\/\\\/www.hoertkorn-newenergy.com\\\/\",\"logo\":{\"@type\":\"ImageObject\",\"inLanguage\":\"en-US\",\"@id\":\"https:\\\/\\\/www.hoertkorn-newenergy.com\\\/#\\\/schema\\\/logo\\\/image\\\/\",\"url\":\"https:\\\/\\\/www.hoertkorn-newenergy.com\\\/wp-content\\\/uploads\\\/2025\\\/03\\\/Logo_Hoertkorn-New-Energy_Web.jpg\",\"contentUrl\":\"https:\\\/\\\/www.hoertkorn-newenergy.com\\\/wp-content\\\/uploads\\\/2025\\\/03\\\/Logo_Hoertkorn-New-Energy_Web.jpg\",\"width\":2000,\"height\":571,\"caption\":\"H\u00f6rtkorn New Energy GmbH\"},\"image\":{\"@id\":\"https:\\\/\\\/www.hoertkorn-newenergy.com\\\/#\\\/schema\\\/logo\\\/image\\\/\"},\"sameAs\":[\"https:\\\/\\\/www.facebook.com\\\/Hoertkorn.group\",\"https:\\\/\\\/x.com\\\/hoertkorngroup\",\"https:\\\/\\\/www.linkedin.com\\\/company\\\/hoertkorn\\\/\",\"https:\\\/\\\/www.xing.com\\\/pages\\\/hoertkorn\",\"https:\\\/\\\/www.instagram.com\\\/hoertkorn.group\\\/\",\"https:\\\/\\\/www.youtube.com\\\/channel\\\/UCMG5xSv0FQJEosBsmRXFQ-A\",\"https:\\\/\\\/www.threads.net\\\/@hoertkorn.group\"]}]}<\/script>\n<!-- \/ Yoast SEO plugin. -->","yoast_head_json":{"title":"Imprint & initial information - H\u00f6rtkorn New Energy GmbH","robots":{"index":"noindex","follow":"follow","max-snippet":"max-snippet:-1","max-image-preview":"max-image-preview:large","max-video-preview":"max-video-preview:-1"},"og_locale":"en_US","og_type":"article","og_title":"Imprint & initial information - H\u00f6rtkorn New Energy GmbH","og_description":"Imprint &amp; initial informationH\u00f6rtkorn New Energy GmbHOststra\u00dfe 38-4474072 HeilbronnT +49 7131 949 760newenergy@hoertkorn.comManaging Director:Dipl.-Kfm. Christian H\u00f6rtkornBetriebswirt (VWA) Ren\u00e9 M. AppelAndreas LietzStuttgart Local Court HRB 795238, Registered office of the company: HeilbronnUSt-IdNr. DE364131538Initial information in accordance with \u00a7 15 of the Insurance Mediation OrdinancePDF-DownloadResponsible for journalistic-editorial content according to \u00a7 18 paragraph 2 MStV:Andreas Lietz, H\u00f6rtkorn [&hellip;]","og_url":"https:\/\/www.hoertkorn-newenergy.com\/kontakt\/impressum\/","og_site_name":"H\u00f6rtkorn New Energy GmbH","article_publisher":"https:\/\/www.facebook.com\/Hoertkorn.group","article_modified_time":"2026-01-13T15:23:52+00:00","twitter_card":"summary_large_image","twitter_site":"@hoertkorngroup","twitter_misc":{"Est. reading time":"1 minute"},"schema":{"@context":"https:\/\/schema.org","@graph":[{"@type":"WebPage","@id":"https:\/\/www.hoertkorn-newenergy.com\/kontakt\/impressum\/","url":"https:\/\/www.hoertkorn-newenergy.com\/kontakt\/impressum\/","name":"Imprint & initial information - H\u00f6rtkorn New Energy GmbH","isPartOf":{"@id":"https:\/\/www.hoertkorn-newenergy.com\/#website"},"datePublished":"2023-12-12T10:49:01+00:00","dateModified":"2026-01-13T15:23:52+00:00","breadcrumb":{"@id":"https:\/\/www.hoertkorn-newenergy.com\/kontakt\/impressum\/#breadcrumb"},"inLanguage":"en-US","potentialAction":[{"@type":"ReadAction","target":["https:\/\/www.hoertkorn-newenergy.com\/kontakt\/impressum\/"]}]},{"@type":"BreadcrumbList","@id":"https:\/\/www.hoertkorn-newenergy.com\/kontakt\/impressum\/#breadcrumb","itemListElement":[{"@type":"ListItem","position":1,"name":"Startseite","item":"https:\/\/www.hoertkorn-newenergy.com\/"},{"@type":"ListItem","position":2,"name":"Contact","item":"https:\/\/www.hoertkorn-newenergy.com\/kontakt\/"},{"@type":"ListItem","position":3,"name":"Imprint &#038; initial information"}]},{"@type":"WebSite","@id":"https:\/\/www.hoertkorn-newenergy.com\/#website","url":"https:\/\/www.hoertkorn-newenergy.com\/","name":"H\u00f6rtkorn New Energy GmbH","description":"H\u00f6rtkorn New Energy GmbH","publisher":{"@id":"https:\/\/www.hoertkorn-newenergy.com\/#organization"},"potentialAction":[{"@type":"SearchAction","target":{"@type":"EntryPoint","urlTemplate":"https:\/\/www.hoertkorn-newenergy.com\/?s={search_term_string}"},"query-input":{"@type":"PropertyValueSpecification","valueRequired":true,"valueName":"search_term_string"}}],"inLanguage":"en-US"},{"@type":"Organization","@id":"https:\/\/www.hoertkorn-newenergy.com\/#organization","name":"H\u00f6rtkorn New Energy GmbH","url":"https:\/\/www.hoertkorn-newenergy.com\/","logo":{"@type":"ImageObject","inLanguage":"en-US","@id":"https:\/\/www.hoertkorn-newenergy.com\/#\/schema\/logo\/image\/","url":"https:\/\/www.hoertkorn-newenergy.com\/wp-content\/uploads\/2025\/03\/Logo_Hoertkorn-New-Energy_Web.jpg","contentUrl":"https:\/\/www.hoertkorn-newenergy.com\/wp-content\/uploads\/2025\/03\/Logo_Hoertkorn-New-Energy_Web.jpg","width":2000,"height":571,"caption":"H\u00f6rtkorn New Energy GmbH"},"image":{"@id":"https:\/\/www.hoertkorn-newenergy.com\/#\/schema\/logo\/image\/"},"sameAs":["https:\/\/www.facebook.com\/Hoertkorn.group","https:\/\/x.com\/hoertkorngroup","https:\/\/www.linkedin.com\/company\/hoertkorn\/","https:\/\/www.xing.com\/pages\/hoertkorn","https:\/\/www.instagram.com\/hoertkorn.group\/","https:\/\/www.youtube.com\/channel\/UCMG5xSv0FQJEosBsmRXFQ-A","https:\/\/www.threads.net\/@hoertkorn.group"]}]}},"_links":{"self":[{"href":"https:\/\/www.hoertkorn-newenergy.com\/en\/wp-json\/wp\/v2\/pages\/52881","targetHints":{"allow":["GET"]}}],"collection":[{"href":"https:\/\/www.hoertkorn-newenergy.com\/en\/wp-json\/wp\/v2\/pages"}],"about":[{"href":"https:\/\/www.hoertkorn-newenergy.com\/en\/wp-json\/wp\/v2\/types\/page"}],"author":[{"embeddable":true,"href":"https:\/\/www.hoertkorn-newenergy.com\/en\/wp-json\/wp\/v2\/users\/5"}],"replies":[{"embeddable":true,"href":"https:\/\/www.hoertkorn-newenergy.com\/en\/wp-json\/wp\/v2\/comments?post=52881"}],"version-history":[{"count":15,"href":"https:\/\/www.hoertkorn-newenergy.com\/en\/wp-json\/wp\/v2\/pages\/52881\/revisions"}],"predecessor-version":[{"id":53019,"href":"https:\/\/www.hoertkorn-newenergy.com\/en\/wp-json\/wp\/v2\/pages\/52881\/revisions\/53019"}],"up":[{"embeddable":true,"href":"https:\/\/www.hoertkorn-newenergy.com\/en\/wp-json\/wp\/v2\/pages\/52878"}],"wp:attachment":[{"href":"https:\/\/www.hoertkorn-newenergy.com\/en\/wp-json\/wp\/v2\/media?parent=52881"}],"wp:term":[{"taxonomy":"dipi_cpt_category","embeddable":true,"href":"https:\/\/www.hoertkorn-newenergy.com\/en\/wp-json\/wp\/v2\/dipi_cpt_category?post=52881"}],"curies":[{"name":"wp","href":"https:\/\/api.w.org\/{rel}","templated":true}]}}